{"id":69,"date":"2017-04-24T08:22:36","date_gmt":"2017-04-24T08:22:36","guid":{"rendered":"http:\/\/thinkingfadura.eus\/participa\/"},"modified":"2019-12-18T11:56:37","modified_gmt":"2019-12-18T11:56:37","slug":"contacto","status":"publish","type":"page","link":"http:\/\/thinkingfadura.eus\/es\/contacto\/","title":{"rendered":"Contacto"},"content":{"rendered":"<p><span style=\"font-weight: 400;\">Si quieres participar en alguno de los grupo de trabajo ciudadanos que se pondr\u00e1n en marcha para mejorar los proyectos o quieres resolver alguna cuesti\u00f3n relacionada con el proceso <\/span><i><span style=\"font-weight: 400;\">thinking Fadura<\/span><\/i><span style=\"font-weight: 400;\">, puedes enviarnos un mensaje a <a href=\"mailto:thinkingfadura@getxo.eus\">thinkingfadura@getxo.eus<\/a> o a trav\u00e9s del formulario de contacto de esta p\u00e1gina web.<\/span><\/p>\n<p><span style=\"font-weight: 400;\">Adem\u00e1s, puedes comentar en los perfiles sociales de Getxo Kirolak<\/span><span style=\"font-weight: 400;\"> \u2014<\/span><a href=\"https:\/\/www.facebook.com\/getxo.kirolak.3\"><span style=\"font-weight: 400;\">Facebook<\/span><\/a><span style=\"font-weight: 400;\">, <\/span><a href=\"https:\/\/twitter.com\/getxokirolak\"><span style=\"font-weight: 400;\">Twitter<\/span><\/a><span style=\"font-weight: 400;\"> e <\/span><a href=\"https:\/\/www.instagram.com\/getxokirolak\/\"><span style=\"font-weight: 400;\">Instagram<\/span><\/a><span style=\"font-weight: 400;\">\u2014 <\/span><span style=\"font-weight: 400;\">con la etiqueta #thinkingFadura.<\/span><\/p>\n<p><span style=\"font-weight: 400;\">Este es un parque deportivo en construcci\u00f3n con la ciudadan\u00eda de Getxo. \u00a1Contamos contigo!<\/span><\/p>\n<p><div role=\"form\" class=\"wpcf7\" id=\"wpcf7-f111510-o2\" lang=\"es-ES\" dir=\"ltr\">\n<div class=\"screen-reader-response\"><p role=\"status\" aria-live=\"polite\" aria-atomic=\"true\"><\/p> <ul><\/ul><\/div>\n<form action=\"\/es\/wp-json\/wp\/v2\/pages\/69#wpcf7-f111510-o2\" method=\"post\" class=\"wpcf7-form init\" enctype=\"multipart\/form-data\" novalidate=\"novalidate\" data-status=\"init\">\n<div style=\"display: none;\">\n<input type=\"hidden\" name=\"_wpcf7\" value=\"111510\" \/>\n<input type=\"hidden\" name=\"_wpcf7_version\" value=\"5.5.6\" \/>\n<input type=\"hidden\" name=\"_wpcf7_locale\" value=\"es_ES\" \/>\n<input type=\"hidden\" name=\"_wpcf7_unit_tag\" value=\"wpcf7-f111510-o2\" \/>\n<input type=\"hidden\" name=\"_wpcf7_container_post\" value=\"0\" \/>\n<input type=\"hidden\" name=\"_wpcf7_posted_data_hash\" value=\"\" \/>\n<\/div>\n<p><label> Nombre (requerido)<\/label><br \/>\n    <span class=\"wpcf7-form-control-wrap your-name\"><input type=\"text\" name=\"your-name\" value=\"\" size=\"40\" class=\"wpcf7-form-control wpcf7-text wpcf7-validates-as-required\" aria-required=\"true\" aria-invalid=\"false\" \/><\/span> <\/p>\n<p><label> Correo electr\u00f3nico (requerido)<\/label><br \/>\n    <span class=\"wpcf7-form-control-wrap your-email\"><input type=\"email\" name=\"your-email\" value=\"\" size=\"40\" class=\"wpcf7-form-control wpcf7-text wpcf7-email wpcf7-validates-as-required wpcf7-validates-as-email\" aria-required=\"true\" aria-invalid=\"false\" \/><\/span> <\/p>\n<p><label> Asunto<\/label><br \/>\n    <span class=\"wpcf7-form-control-wrap your-subject\"><input type=\"text\" name=\"your-subject\" value=\"\" size=\"40\" class=\"wpcf7-form-control wpcf7-text\" aria-invalid=\"false\" \/><\/span> <\/p>\n<p><label> Mensaje<\/label><br \/>\n    <span class=\"wpcf7-form-control-wrap your-message\"><textarea name=\"your-message\" cols=\"40\" rows=\"10\" class=\"wpcf7-form-control wpcf7-textarea\" aria-invalid=\"false\"><\/textarea><\/span> <\/p>\n<p><label> Puedes adjuntar un archivo si lo deseas (m\u00e1ximo 5 Mb)<\/label><br \/>\n<span class=\"wpcf7-form-control-wrap your-file\"><input type=\"file\" name=\"your-file\" size=\"40\" class=\"wpcf7-form-control wpcf7-file\" accept=\".jpg,.jpeg,.png,.gif,.pdf,.doc,.docx,.ppt,.pptx,.odt,.avi,.ogg,.m4a,.mov,.mp3,.mp4,.mpg,.wav,.wmv\" aria-invalid=\"false\" \/><\/span><\/p>\n<p><br><br \/>\nPor favor, considera facilitarnos los siguientes datos opcionales.<br \/>\nNos ser\u00e1n de gran utilidad para mejorar el proceso participativo.<\/p>\n<p><label> Edad<\/label><br \/>\n    <span class=\"wpcf7-form-control-wrap your-age\"><select name=\"your-age\" class=\"wpcf7-form-control wpcf7-select\" aria-invalid=\"false\"><option value=\"\">---<\/option><option value=\"&lt; 5\">&lt; 5<\/option><option value=\"6-12\">6-12<\/option><option value=\"13-18\">13-18<\/option><option value=\"18-24\">18-24<\/option><option value=\"25-30\">25-30<\/option><option value=\"31-40\">31-40<\/option><option value=\"41-50\">41-50<\/option><option value=\"51-60\">51-60<\/option><option value=\"61-70\">61-70<\/option><option value=\"&gt; 70\">&gt; 70<\/option><\/select><\/span> <\/p>\n<p><label> Tel\u00e9fono<\/label><br \/>\n    <span class=\"wpcf7-form-control-wrap your-phone\"><input type=\"tel\" name=\"your-phone\" value=\"\" size=\"40\" class=\"wpcf7-form-control wpcf7-text wpcf7-tel wpcf7-validates-as-tel\" aria-invalid=\"false\" \/><\/span> <\/p>\n<p><label> Lugar de residencia<br \/>\n<span class=\"wpcf7-form-control-wrap your-proximity\"><select name=\"your-proximity\" class=\"wpcf7-form-control wpcf7-select\" aria-invalid=\"false\"><option value=\"\">---<\/option><option value=\"Vecindario pr\u00f3ximo a Fadura\">Vecindario pr\u00f3ximo a Fadura<\/option><option value=\"Getxo\">Getxo<\/option><option value=\"Bilbao, u otro municipio de Vizcaya\">Bilbao, u otro municipio de Vizcaya<\/option><option value=\"Fuera de Vizcaya\">Fuera de Vizcaya<\/option><option value=\"Deslocalizado\/irrelevante\">Deslocalizado\/irrelevante<\/option><\/select><\/span> <\/label><\/p>\n<p><label> Colectivo u organizaci\u00f3n<\/label><br \/>\nOrganizaci\u00f3n, club, empresa, entidad, etc. a la que perteneces o representas, si es el caso. Si contactas a t\u00edtulo invididual, deja este campo en blanco.<br \/>\n<span class=\"wpcf7-form-control-wrap your-organization\"><input type=\"text\" name=\"your-organization\" value=\"\" size=\"40\" class=\"wpcf7-form-control wpcf7-text\" aria-invalid=\"false\" \/><\/span><\/p>\n<p><label> Rol o cargo en dicho colectivo u organizaci\u00f3n<\/label><br \/>\n<span class=\"wpcf7-form-control-wrap your-role\"><input type=\"text\" name=\"your-role\" value=\"\" size=\"40\" class=\"wpcf7-form-control wpcf7-text\" aria-invalid=\"false\" \/><\/span> <\/p>\n<p><label>\u00bfEst\u00e1s abonado\/a a Getxo Kirolak?<\/label><br \/>\n<span class=\"wpcf7-form-control-wrap your-membership\"><span class=\"wpcf7-form-control wpcf7-radio\"><span class=\"wpcf7-list-item first\"><input type=\"radio\" name=\"your-membership\" value=\"S\u00ed\" checked=\"checked\" \/><span class=\"wpcf7-list-item-label\">S\u00ed<\/span><\/span><span class=\"wpcf7-list-item last\"><input type=\"radio\" name=\"your-membership\" value=\"No\" \/><span class=\"wpcf7-list-item-label\">No<\/span><\/span><\/span><\/span><\/p>\n<p><label>\u00bfTe interesa recibir informaci\u00f3n y convocatorias sobre el proceso participativo?<\/label><br \/>\n<span class=\"wpcf7-form-control-wrap your-subscription\"><span class=\"wpcf7-form-control wpcf7-radio\"><span class=\"wpcf7-list-item first\"><input type=\"radio\" name=\"your-subscription\" value=\"S\u00ed\" checked=\"checked\" \/><span class=\"wpcf7-list-item-label\">S\u00ed<\/span><\/span><span class=\"wpcf7-list-item last\"><input type=\"radio\" name=\"your-subscription\" value=\"No\" \/><span class=\"wpcf7-list-item-label\">No<\/span><\/span><\/span><\/span><br \/>\n<br><br \/>\n<input type=\"submit\" value=\"Enviar\" class=\"wpcf7-form-control has-spinner wpcf7-submit\" \/><\/p>\n<p>AVISO LEGAL: De conformidad con lo dispuesto en la Ley Organiza 15\/1999 de 13 de Diciembre, le informamos que los datos de car\u00e1cter personal que nos ha facilitado est\u00e1n recogidos en el fichero denominado \u201cSERVICIOS\u201d, del que es responsable Getxo Kirolak y que se encuentra registrado en la AVPD. Este fichero tiene como finalidad la gesti\u00f3n de la informaci\u00f3n de los servicios de la comunidad que presta GK (receta deportiva, trabajos en b\u00ba de la comunidad, redes y procesos participativos). Esta informaci\u00f3n podr\u00e1 ser facilitada a las Administraciones P\u00fablicas con competencia en la materia as\u00ed como a empresas colaboradoras necesarias para la prestaci\u00f3n de dichos servicios. Asimismo podr\u00e1 ser publicada en entornos corporativos de GK con motivo de dichos servicios, si estos son de inter\u00e9s p\u00fablico, siempre que sea informaci\u00f3n gr\u00e1fica o audiovisual, en ning\u00fan caso se publicara informaci\u00f3n sensible de \u00edndole confidencial. Si lo desea podr\u00e1 ejercitar su derecho de acceso, rectificaci\u00f3n, cancelaci\u00f3n u oposici\u00f3n dirigiendo un mail a lopd-getxokirolak@getxo.eus.<\/p>\n<p style=\"display: none !important;\" class=\"akismet-fields-container\" data-prefix=\"_wpcf7_ak_\"><label>&#916;<textarea name=\"_wpcf7_ak_hp_textarea\" cols=\"45\" rows=\"8\" maxlength=\"100\"><\/textarea><\/label><input type=\"hidden\" id=\"ak_js_2\" name=\"_wpcf7_ak_js\" value=\"94\"\/><script>document.getElementById( \"ak_js_2\" ).setAttribute( \"value\", ( new Date() ).getTime() );<\/script><\/p><div class=\"wpcf7-response-output\" aria-hidden=\"true\"><\/div><\/form><\/div><\/p>","protected":false},"excerpt":{"rendered":"<p>Si quieres participar en alguno de los grupo de trabajo ciudadanos que se pondr\u00e1n en marcha para mejorar los proyectos o quieres resolver alguna cuesti\u00f3n relacionada con el proceso thinking Fadura, puedes enviarnos un mensaje a thinkingfadura@getxo.eus o a trav\u00e9s del formulario de contacto de esta p\u00e1gina web. Adem\u00e1s, puedes comentar en los perfiles sociales [&hellip;]<\/p>\n","protected":false},"author":1,"featured_media":0,"parent":0,"menu_order":0,"comment_status":"closed","ping_status":"closed","template":"","meta":{"_exactmetrics_skip_tracking":false,"_exactmetrics_sitenote_active":false,"_exactmetrics_sitenote_note":"","_exactmetrics_sitenote_category":0},"_links":{"self":[{"href":"http:\/\/thinkingfadura.eus\/es\/wp-json\/wp\/v2\/pages\/69"}],"collection":[{"href":"http:\/\/thinkingfadura.eus\/es\/wp-json\/wp\/v2\/pages"}],"about":[{"href":"http:\/\/thinkingfadura.eus\/es\/wp-json\/wp\/v2\/types\/page"}],"author":[{"embeddable":true,"href":"http:\/\/thinkingfadura.eus\/es\/wp-json\/wp\/v2\/users\/1"}],"replies":[{"embeddable":true,"href":"http:\/\/thinkingfadura.eus\/es\/wp-json\/wp\/v2\/comments?post=69"}],"version-history":[{"count":4,"href":"http:\/\/thinkingfadura.eus\/es\/wp-json\/wp\/v2\/pages\/69\/revisions"}],"predecessor-version":[{"id":111994,"href":"http:\/\/thinkingfadura.eus\/es\/wp-json\/wp\/v2\/pages\/69\/revisions\/111994"}],"wp:attachment":[{"href":"http:\/\/thinkingfadura.eus\/es\/wp-json\/wp\/v2\/media?parent=69"}],"curies":[{"name":"wp","href":"https:\/\/api.w.org\/{rel}","templated":true}]}}