{"id":436,"date":"2017-04-24T09:17:40","date_gmt":"2017-04-24T09:17:40","guid":{"rendered":"http:\/\/thinkingfadura.eus\/?page_id=436"},"modified":"2019-12-02T07:39:01","modified_gmt":"2019-12-02T07:39:01","slug":"thinking-fadura","status":"publish","type":"page","link":"http:\/\/thinkingfadura.eus\/es\/thinking-fadura\/","title":{"rendered":"Bienvenida"},"content":{"rendered":"<p>Te damos la bienvenida a la p\u00e1gina oficial de \u2018thinking Fadura. Getxoko Kirol Parke Berria\u2019, un proceso de participaci\u00f3n ciudadana, impulsado por Getxo Kirolak, para transformar las instalaciones deportivas de Fadura y dise\u00f1ar un nuevo espacio p\u00fablico donde conviva un parque de libre acceso junto con las instalaciones para la pr\u00e1ctica deportiva de las personas abonadas de Getxo Kirolak.<\/p>\n<p><a href=\"http:\/\/thinkingfadura.eus\/wp-content\/uploads\/2017\/04\/20170329_212234b.jpg\" data-rel=\"lightbox-image-1\" data-rl_title=\"\" data-rl_caption=\"\" title=\"\"><img loading=\"lazy\" class=\"aligncenter wp-image-385 size-full\" src=\"http:\/\/thinkingfadura.eus\/wp-content\/uploads\/2017\/04\/20170329_212234b.jpg\" alt=\"\" width=\"1587\" height=\"890\" \/><\/a><\/p>\n<p>La actual Ciudad Deportiva Municipal de Fadura -atravesada por el r\u00edo Gobela- est\u00e1 inmersa en un conjunto de actuaciones para la mejora hidr\u00e1ulica de la zona de Fadura, acometidas por la Agencia Vasca del Agua (URA). Estos trabajos forman parte de un \u2018Proyecto Global\u2019 para acondicionar el cauce del r\u00edo, y las zonas aleda\u00f1as en distintos tramos, e impedir que se repitan las inundaciones ocurridas anteriormente.<\/p>\n<p>Se esperan cambios importantes en el complejo deportivo, lo que supone una oportunidad \u00fanica para repensar y mejorar toda la zona y continuar impulsando la actividad deportiva, la calidad de vida y la adquisici\u00f3n de h\u00e1bitos saludables en Getxo.<\/p>\n<p>El prop\u00f3sito de <em>thinking Fadura<\/em> es contrastar con la ciudadan\u00eda la incorporaci\u00f3n al futuro parque deportivo de nuevos elementos que motiven una pr\u00e1ctica regular de actividad f\u00edsica, logren mejoras medioambientales, incrementen el empleo en el sector del ocio, la salud y el deporte y mejoren el acceso y control de los espacios.<\/p>\n<h3>Fases<\/h3>\n<p>El proceso participativo <em>thinking Fadura<\/em> contempla dos momentos para su desarrollo. Una primera fase de diagn\u00f3stico, que finaliz\u00f3 en junio de 2017; y una segunda fase de socializaci\u00f3n y activaci\u00f3n de la participaci\u00f3n ciudadana, que comienza en abril de 2018.<\/p>\n<h5>Fase 1: Diagn\u00f3stico (Marzo &#8211; junio de 2017)<\/h5>\n<p><em>thinking Fadura<\/em> inicia una primera fase de diagn\u00f3stico, que finaliz\u00f3 en 2017, en la que se identific\u00f3 y tom\u00f3 contacto con agentes clave -deportistas, clubes, asociaciones deportivas, personas abonadas y usuarias de Getxo Kirolak, ciudadan\u00eda o empresas, entre otros- para tener un primer contraste y recoger las sugerencias sobre los temas m\u00e1s relevantes a abordar en la siguiente fase. Estos agentes se incorporar\u00e1n, posteriormente, al proceso participativo de para el redise\u00f1o del parque de Fadura. El resultado de esta diagn\u00f3stico queda resumido en <a href=\"http:\/\/thinkingfadura.eus\/wp-content\/uploads\/2017\/09\/DIAGNOSTICO-FADURA_v3.1_web.pdf\">este documento<\/a>.<\/p>\n<p>Al mismo tiempo, en esta primera fase, se realiz\u00f3 una primera intervenci\u00f3n en la antigua Cervecera, a trav\u00e9s de un proceso participativo espec\u00edfico, que culmin\u00f3 con la elaboraci\u00f3n de un anteproyecto para la rehabilitaci\u00f3n del equipamiento, que sigue su curso.<\/p>\n<p>&nbsp;<\/p>\n<p><img loading=\"lazy\" class=\"size-full wp-image-110200 aligncenter\" src=\"http:\/\/thinkingfadura.eus\/wp-content\/uploads\/2017\/04\/FASE01_ES.png\" alt=\"\" width=\"807\" height=\"260\" srcset=\"http:\/\/thinkingfadura.eus\/wp-content\/uploads\/2017\/04\/FASE01_ES.png 807w, http:\/\/thinkingfadura.eus\/wp-content\/uploads\/2017\/04\/FASE01_ES-400x129.png 400w, http:\/\/thinkingfadura.eus\/wp-content\/uploads\/2017\/04\/FASE01_ES-768x247.png 768w, http:\/\/thinkingfadura.eus\/wp-content\/uploads\/2017\/04\/FASE01_ES-230x74.png 230w, http:\/\/thinkingfadura.eus\/wp-content\/uploads\/2017\/04\/FASE01_ES-350x113.png 350w, http:\/\/thinkingfadura.eus\/wp-content\/uploads\/2017\/04\/FASE01_ES-480x155.png 480w\" sizes=\"(max-width: 807px) 100vw, 807px\" \/><\/p>\n<h5>Fase 2: Dise\u00f1o Participativo (Abril \u2013 septiembre de 2018)<\/h5>\n<p>A partir del mes de abril, comienza una <a href=\"http:\/\/thinkingfadura.eus\/proceso\/\">segunda fase<\/a> en la que se convocar\u00e1 a la ciudadan\u00eda y agentes diversos a participar en un proceso abierto a trav\u00e9s de encuentros, talleres y conversaciones en diferentes espacios, cuidando que todas las personas interesadas puedan tomar parte seg\u00fan sus posibilidades, necesidades e inquietudes.<\/p>\n<p><em>thinking Fadura<\/em> busca la implicaci\u00f3n de la ciudadan\u00eda del municipio para llevar a cabo una reflexi\u00f3n colectiva, cr\u00edtica y constructiva sobre el futuro del parque y su relaci\u00f3n con el entorno urbano. Por ello, se prestar\u00e1 especial atenci\u00f3n a la participaci\u00f3n de colectivos habitualmente menos representados en el deporte y estar\u00e1n presentes las perspectivas de g\u00e9nero, interculturalidad y diversidad funcional. Asimismo, se tendr\u00e1 en cuenta el potencial del sector deportivo y del bienestar como generador de econom\u00eda.<\/p>\n<p>El anteproyecto de ordenaci\u00f3n paisaj\u00edstica y urbana del nuevo parque de Fadura se desarrollar\u00e1 en relaci\u00f3n directa con las reflexiones y aportaciones recogidas durante el proceso de participaci\u00f3n ciudadana. Al mismo tiempo, la propuesta del anteproyecto <span style=\"font-weight: 400;\">deber\u00e1 ser coherente con los principios esenciales del futuro parque<\/span>: abierto, accesible, saludable, sostenible, inclusivo e innovador.<\/p>\n<p><img loading=\"lazy\" class=\"alignnone size-full wp-image-110208\" src=\"http:\/\/thinkingfadura.eus\/wp-content\/uploads\/2017\/04\/FASE2_CAS.png\" alt=\"\" width=\"1530\" height=\"600\" srcset=\"http:\/\/thinkingfadura.eus\/wp-content\/uploads\/2017\/04\/FASE2_CAS.png 1530w, http:\/\/thinkingfadura.eus\/wp-content\/uploads\/2017\/04\/FASE2_CAS-400x157.png 400w, http:\/\/thinkingfadura.eus\/wp-content\/uploads\/2017\/04\/FASE2_CAS-768x301.png 768w, http:\/\/thinkingfadura.eus\/wp-content\/uploads\/2017\/04\/FASE2_CAS-850x333.png 850w, http:\/\/thinkingfadura.eus\/wp-content\/uploads\/2017\/04\/FASE2_CAS-830x325.png 830w, http:\/\/thinkingfadura.eus\/wp-content\/uploads\/2017\/04\/FASE2_CAS-230x90.png 230w, http:\/\/thinkingfadura.eus\/wp-content\/uploads\/2017\/04\/FASE2_CAS-350x137.png 350w, http:\/\/thinkingfadura.eus\/wp-content\/uploads\/2017\/04\/FASE2_CAS-480x188.png 480w\" sizes=\"(max-width: 1530px) 100vw, 1530px\" \/><\/p>","protected":false},"excerpt":{"rendered":"<p>Te damos la bienvenida a la p\u00e1gina oficial de \u2018thinking Fadura. Getxoko Kirol Parke Berria\u2019, un proceso de participaci\u00f3n ciudadana, impulsado por Getxo Kirolak, para transformar las instalaciones deportivas de Fadura y dise\u00f1ar un nuevo espacio p\u00fablico donde conviva un parque de libre acceso junto con las instalaciones para la pr\u00e1ctica deportiva de las personas [&hellip;]<\/p>\n","protected":false},"author":1,"featured_media":0,"parent":0,"menu_order":0,"comment_status":"closed","ping_status":"closed","template":"","meta":{"_exactmetrics_skip_tracking":false,"_exactmetrics_sitenote_active":false,"_exactmetrics_sitenote_note":"","_exactmetrics_sitenote_category":0},"_links":{"self":[{"href":"http:\/\/thinkingfadura.eus\/es\/wp-json\/wp\/v2\/pages\/436"}],"collection":[{"href":"http:\/\/thinkingfadura.eus\/es\/wp-json\/wp\/v2\/pages"}],"about":[{"href":"http:\/\/thinkingfadura.eus\/es\/wp-json\/wp\/v2\/types\/page"}],"author":[{"embeddable":true,"href":"http:\/\/thinkingfadura.eus\/es\/wp-json\/wp\/v2\/users\/1"}],"replies":[{"embeddable":true,"href":"http:\/\/thinkingfadura.eus\/es\/wp-json\/wp\/v2\/comments?post=436"}],"version-history":[{"count":1,"href":"http:\/\/thinkingfadura.eus\/es\/wp-json\/wp\/v2\/pages\/436\/revisions"}],"predecessor-version":[{"id":111927,"href":"http:\/\/thinkingfadura.eus\/es\/wp-json\/wp\/v2\/pages\/436\/revisions\/111927"}],"wp:attachment":[{"href":"http:\/\/thinkingfadura.eus\/es\/wp-json\/wp\/v2\/media?parent=436"}],"curies":[{"name":"wp","href":"https:\/\/api.w.org\/{rel}","templated":true}]}}