{"id":29659,"date":"2017-06-26T08:55:40","date_gmt":"2017-06-26T08:55:40","guid":{"rendered":"http:\/\/thinkingfadura.eus\/?page_id=29659"},"modified":"2020-07-08T05:51:24","modified_gmt":"2020-07-08T05:51:24","slug":"lege-oharra","status":"publish","type":"page","link":"http:\/\/thinkingfadura.eus\/es\/lege-oharra\/","title":{"rendered":"Aviso legal y cookies"},"content":{"rendered":"<p><\/p>\n<h3>Propiedad intelectual e industrial<\/h3>\n<ul>\n<li>La totalidad de este sitio web y las partes que lo componen se encuentran protegidas por las leyes espa\u00f1olas e internacionales sobre Propiedad Intelectual e Industrial.<\/li>\n<li>Los derechos de propiedad intelectual sobre los contenidos de este sitio web pertenecen al Ayuntamiento de Getxo, salvo aqu\u00e9llos de empresas con las que haya firmado el correspondiente contrato para la provisi\u00f3n de contenidos y est\u00e9n protegidos por las normas nacionales e internacionales de propiedad intelectual e industrial.<\/li>\n<li>El ejercicio de los derechos de reproducci\u00f3n, distribuci\u00f3n, comunicaci\u00f3n p\u00fablica y transformaci\u00f3n de los contenidos es exclusivo del Ayuntamiento de Getxo, sin perjuicio del ejercicio por parte de terceros del derecho a cita.<\/li>\n<li>El\/la usuario\/a que acceda a esta web no puede copiar, modificar, distribuir, transmitir, reproducir, publicar, ceder, vender los elementos anteriormente mencionados o crear nuevos productos o servicios derivados de la informaci\u00f3n obtenida sin citar expresamente su procedencia.<\/li>\n<li>\u00danicamente queda autorizada la visualizaci\u00f3n y carga para el uso personal y no comercial del\/a usuario\/a, sin que pueda hacerlo extensivo a terceras personas o entidades.<\/li>\n<li>Queda expresamente prohibida la alteraci\u00f3n del contenido o estructura de este sitio web por parte del\/a usuario\/a sin el permiso expreso y escrito del Ayuntamiento de Getxo. Cualquier utilizaci\u00f3n de este portal o de sus contenidos contraria a la normativa vigente podr\u00e1 ser perseguida.<\/li>\n<li>Contenidos tales como los textos, gr\u00e1ficos, dibujos, dise\u00f1os, c\u00f3digos, software, fotograf\u00edas, m\u00fasica, v\u00eddeos, sonidos, bases de datos, im\u00e1genes, expresiones e informaciones, as\u00ed como cualquier otra creaci\u00f3n protegida por las leyes nacionales y los tratados internacionales sobre propiedad intelectual e industrial<\/li>\n<\/ul>\n<h4>T\u00e9rminos y condiciones de uso de esta web<\/h4>\n<ul>\n<li>Este es un lugar web que el Ayuntamiento de Getxo pone a disposici\u00f3n de los\/as ciudadanos\/as de Getxo y de todos los\/las usuarios\/as de Internet. Su objetivo es suministrar servicio e informaci\u00f3n a dichos usuarios\/as y proyectar y dar a conocer el proyecto <em>thinking Fadura<\/em> y su actividad.<\/li>\n<li>Todos los derechos est\u00e1n reservados. No est\u00e1 permitida la modificaci\u00f3n de la web ni de sus contenidos.<\/li>\n<li>La informaci\u00f3n administrativa facilitada a trav\u00e9s de este web no sustituye la publicidad de los documentos que deban publicarse en Diarios y Boletines Oficiales, cuya edici\u00f3n es instrumento que da fe de su contenido.<\/li>\n<li>El Ayuntamiento de Getxo no es responsable del contenido, exactitud y actualizaci\u00f3n de la informaci\u00f3n que proviene de otras personas f\u00edsicas o jur\u00eddicas y que conste en el lugar web o a la que se remita a partir de enlaces u otros sistemas.<\/li>\n<li>El Ayuntamiento de Getxo no se hace responsable del uso por terceros de la informaci\u00f3n contenida, si bien \u00e9stos tendr\u00e1n que atenerse a las advertencias que consten para determinados documentos y aplicativos.<\/li>\n<li>El Ayuntamiento de Getxo no garantiza que el web y el servidor est\u00e9n libres de virus y no se hace responsable de los da\u00f1os causados por el acceso al lugar web o por la imposibilidad de acceder al mismo.<\/li>\n<li>El Ayuntamiento de Getxo se reserva el derecho a modificar y ampliar contenidos, informaciones, aplicativos, etc. de este lugar web en cualquier momento y sin previo aviso.<\/li>\n<li>El inter\u00e9s del Ayuntamiento de Getxo es el de que este lugar web funcione con la m\u00e1xima eficacia y cumpla la finalidad para la que ha sido creado y por ello lo mantiene, poniendo todos los medios razonables para conseguirlo, pero no se responsabiliza de posibles disfunciones y\/o anomal\u00edas en su funcionamiento.<\/li>\n<li>El Ayuntamiento de Getxo podr\u00e1 modificar los t\u00e9rminos y condiciones que aparecen en esta p\u00e1gina web y, por tanto, aconseja su consulta con una periodicidad razonable por si se producen cambios en los mismos.<\/li>\n<li>El uso de este lugar web implica la aceptaci\u00f3n de los t\u00e9rminos y condiciones contenidos en el mismo.<\/li>\n<li>Para cualquier aclaraci\u00f3n, informaci\u00f3n, sugerencia, queja, etc. pueden utilizar el buz\u00f3n de sugerencias de esta web.<\/li>\n<\/ul>\n<h3>Pol\u00edtica de Cookies<\/h3>\n<p>Este sitio puede utilizar cookies cuando el usuario navega por las diferentes p\u00e1ginas de la web. Durante el uso de nuestra p\u00e1gina web aceptas y autorizas expresamente el uso de cookies, de acuerdo con nuestra pol\u00edtica de privacidad.<\/p>\n<p><strong>\u00bfQu\u00e9 son las cookies?<\/strong><br \/>\nUna cookie es un fichero muy peque\u00f1o que se descarga en el ordenador\/smartphone\/tablet del usuario al acceder a determinadas p\u00e1ginas web para almacenar y recuperar informaci\u00f3n sobre la navegaci\u00f3n que se efect\u00faa desde dicho equipo. Para conocer m\u00e1s informaci\u00f3n sobre las cookies, le invito a acceder al <a href=\"http:\/\/es.wikipedia.org\/wiki\/Cookie_(inform%C3%A1tica)\">siguiente enlace<\/a>.<\/p>\n<p><strong>\u00bfPara qu\u00e9 sirven las cookies?<\/strong><br \/>\nLa utilizaci\u00f3n de las cookies tiene como finalidad exclusiva recordar las preferencias del usuario (idioma, pa\u00eds, inicio de sesi\u00f3n, caracter\u00edsticas de su navegador, informaci\u00f3n de uso de nuestra Web, etc.)<br \/>\nRecordando sus preferencias sabremos las caracter\u00edsticas del ordenador que est\u00e1 usando y as\u00ed podremos ofrecerle una mejor experiencia de navegaci\u00f3n. Las cookies pueden ayudar a nuestro sitio Web a distinguir el navegador del usuario como visitante anterior y as\u00ed guardar y recordar las preferencias que puedan haberse establecido mientras el usuario estaba navegando por el sitio, personalizar las p\u00e1ginas de inicio o identificar qu\u00e9 sectores de un sitio han sido visitados.<br \/>\nAsimismo pueden ser utilizadas para obtener informaci\u00f3n acerca del tr\u00e1fico dentro del propio site y estimar el n\u00famero de visitas realizadas.<br \/>\nNormalmente los sitios Web utilizan las cookies para obtener informaci\u00f3n estad\u00edstica sobre sus p\u00e1ginas Web. Tenga en cuenta que recogemos datos sobre sus movimientos y uso de nuestra Web como datos estad\u00edsticos, no personales.<\/p>\n<p><strong>Tipos y finalidades de las cookies<\/strong><br \/>\nA continuaci\u00f3n se presenta una lista de las cookies que puede encontrar en nuestro sitio Web y una breve descripci\u00f3n de su finalidad. Le aseguramos que ninguna de ellas conserva informaci\u00f3n de identificaci\u00f3n personal sobre usted. Algunas cookies personalizan su visita, otras recuerdan sus preferencias, mientras que otras solo nos proveen estad\u00edsticas de los visitantes.<\/p>\n<table>\n<tbody>\n<tr>\n<td colspan=\"2\" rowspan=\"1\">\n<p style=\"text-align: center;\"><strong>Cookies<\/strong><\/p>\n<\/td>\n<td style=\"text-align: center;\" colspan=\"1\" rowspan=\"1\"><strong>Informaci\u00f3n (*)<\/strong><\/td>\n<td colspan=\"1\" rowspan=\"1\">\n<p style=\"text-align: center;\"><strong>Finalidad<\/strong><\/p>\n<\/td>\n<\/tr>\n<tr>\n<td colspan=\"4\" rowspan=\"1\">\n<p style=\"text-align: center;\"><strong>COOKIES PROPIAS<\/strong><\/p>\n<\/td>\n<\/tr>\n<tr>\n<td colspan=\"2\" rowspan=\"1\">Estrictamente necesarias<\/td>\n<td colspan=\"1\" rowspan=\"1\">Selecci\u00f3n de idioma<\/td>\n<td colspan=\"1\" rowspan=\"1\">Propia para guardar el idioma en el que visita la web.<\/td>\n<\/tr>\n<tr>\n<td colspan=\"4\" rowspan=\"1\">\n<p style=\"text-align: center;\"><strong>COOKIES DE TERCEROS (la informaci\u00f3n recogida a continuaci\u00f3n ha sido facilitada por esos terceros)<\/strong><\/p>\n<\/td>\n<\/tr>\n<tr>\n<td colspan=\"1\" rowspan=\"1\">Anal\u00edticas<\/td>\n<td colspan=\"1\" rowspan=\"1\">Google Analytics<\/td>\n<td colspan=\"1\" rowspan=\"1\">N\u00famero de visitas, p\u00e1ginas o secciones visitadas, tiempo de navegaci\u00f3n, sitios visitados antes de entrar en esta p\u00e1gina, detalles sobre los navegadores usados.<\/td>\n<td colspan=\"1\" rowspan=\"1\">Informes estad\u00edsticos sobre el tr\u00e1fico del sitio web, su audiencia total y la audiencia en una determinada campa\u00f1a publicitaria.<\/td>\n<\/tr>\n<\/tbody>\n<\/table>\n<p><em>(*) La informaci\u00f3n obtenida a trav\u00e9s de estas cookies no pueden ser identificadas por usuario.<\/em><\/p>\n<p><strong>Salvaguardias de protecci\u00f3n<\/strong><br \/>\nEl usuario puede configurar su navegador para aceptar, o no, las cookies que recibe o para que el navegador le avise cuando un servidor quiera guardar una cookie o borrarlas de su ordenador. Puede encontrar las instrucciones en la configuraci\u00f3n de seguridad en su navegador Web.<br \/>\nEjemplos:<\/p>\n<ul>\n<li>Si utiliza Microsoft Internet Explorer, en la opci\u00f3n de men\u00fa Herramientas &gt; Opciones de Internet &gt; Privacidad &gt; Configuraci\u00f3n.<\/li>\n<li>Si utiliza Firefox, en la opci\u00f3n de men\u00fa Herramientas &gt; Opciones &gt; Privacidad &gt; Cookies.<\/li>\n<li>Si utiliza Google Chrome, en la opci\u00f3n de men\u00fa Configuraci\u00f3n &gt; Privacidad<\/li>\n<li>Si utiliza Safari, en la opci\u00f3n de men\u00fa Preferencias &gt; Seguridad<\/li>\n<\/ul>\n<p>Puede hacer uso de la secci\u00f3n \u201cAyuda\u201d que encontrar\u00e1 en la barra de herramientas de la mayor\u00eda de navegadores para cambiar los ajustes de su ordenador, sin embargo, algunas de las caracter\u00edsticas de nuestros servicios online pueden no funcionar o pueden resultar m\u00e1s complicadas de acceder si rechaza todas las cookies.<\/p>\n<p>Muchos navegadores permiten activar un modo privado mediante el cual las cookies se borran siempre despu\u00e9s de su visita. Dependiendo de cada navegador, este modo privado puede tener diferentes nombres, abajo puede encontrar una lista de los navegadores m\u00e1s comunes y los diferentes nombres de este \u201cmodo privado\u201d:<\/p>\n<ul>\n<li>Internet Explorer 8 y superior: InPrivate<\/li>\n<li>FireFox 3.5 y superior: Navegaci\u00f3n Privada<\/li>\n<li>Google Chrome 10 y superior: Inc\u00f3gnito<\/li>\n<li>Safari 2 y superior: Navegaci\u00f3n Privada<\/li>\n<li>Opera 10.5 y superior: Navegaci\u00f3n Privada<\/li>\n<\/ul>\n<p>Por favor, lea atentamente la secci\u00f3n de ayuda de su navegador para conocer m\u00e1s acerca de como activar el \u201cmodo privado\u201d. Podr\u00e1 seguir visitando nuestra Web aunque su navegador est\u00e9 en \u201cmodo privado\u201d, no obstante, la experiencia de usuario puede no ser \u00f3ptima y algunas utilidades pueden no funcionar.<\/p>\n<h3>Privacidad y datos de car\u00e1cter personal<\/h3>\n<p>Sus datos se incorporan al tratamiento \u201cSERVICIOS\u201d del que es responsable Getxo Kirolak (Los Chopos s\/n, <a href=\"mailto:juridikogk@getxo.eus\">juridikogk@getxo.eus<\/a>)\u00a0y que tiene como finalidad\u00a0 la gesti\u00f3n de la informaci\u00f3n de los servicios de la comunidad que presta el OAL Getxo Kirolak (receta deportiva, trabajos en b\u00ba de la comunidad, redes y procesos participativos).<\/p>\n<p>La base jur\u00eddica del tratamiento es el necesario cumplimiento de una obligaci\u00f3n legal y de una misi\u00f3n de inter\u00e9s p\u00fablico y no est\u00e1 contemplada ninguna cesi\u00f3n de los datos personales. Su titular tiene derecho de acceso, rectificaci\u00f3n, supresi\u00f3n y portabilidad de sus datos, y la limitaci\u00f3n u oposici\u00f3n a su tratamiento mediante el env\u00edo de una comunicaci\u00f3n escrita a la direcci\u00f3n postal del Ayuntamiento o a\u00a0<a href=\"mailto:datuak@getxo.eus\">datuak@getxo.eus<\/a>\u00a0(delegada de protecci\u00f3n de datos) incluyendo en ambos casos documento acreditativo de su identidad. Tambi\u00e9n puede iniciar el tr\u00e1mite electr\u00f3nico disponible al efecto en la sede electr\u00f3nica de la Corporaci\u00f3n. Para m\u00e1s informaci\u00f3n:\u00a0<a href=\"http:\/\/www.getxo.eus\/datos\">www.getxo.eus\/datos.<\/a><\/p>","protected":false},"excerpt":{"rendered":"<p>Propiedad intelectual e industrial La totalidad de este sitio web y las partes que lo componen se encuentran protegidas por las leyes espa\u00f1olas e internacionales sobre Propiedad Intelectual e Industrial. Los derechos de propiedad intelectual sobre los contenidos de este sitio web pertenecen al Ayuntamiento de Getxo, salvo aqu\u00e9llos de empresas con las que haya [&hellip;]<\/p>\n","protected":false},"author":1,"featured_media":0,"parent":0,"menu_order":0,"comment_status":"closed","ping_status":"closed","template":"page-templates\/page_fullwidth.php","meta":{"_exactmetrics_skip_tracking":false,"_exactmetrics_sitenote_active":false,"_exactmetrics_sitenote_note":"","_exactmetrics_sitenote_category":0},"_links":{"self":[{"href":"http:\/\/thinkingfadura.eus\/es\/wp-json\/wp\/v2\/pages\/29659"}],"collection":[{"href":"http:\/\/thinkingfadura.eus\/es\/wp-json\/wp\/v2\/pages"}],"about":[{"href":"http:\/\/thinkingfadura.eus\/es\/wp-json\/wp\/v2\/types\/page"}],"author":[{"embeddable":true,"href":"http:\/\/thinkingfadura.eus\/es\/wp-json\/wp\/v2\/users\/1"}],"replies":[{"embeddable":true,"href":"http:\/\/thinkingfadura.eus\/es\/wp-json\/wp\/v2\/comments?post=29659"}],"version-history":[{"count":12,"href":"http:\/\/thinkingfadura.eus\/es\/wp-json\/wp\/v2\/pages\/29659\/revisions"}],"predecessor-version":[{"id":112329,"href":"http:\/\/thinkingfadura.eus\/es\/wp-json\/wp\/v2\/pages\/29659\/revisions\/112329"}],"wp:attachment":[{"href":"http:\/\/thinkingfadura.eus\/es\/wp-json\/wp\/v2\/media?parent=29659"}],"curies":[{"name":"wp","href":"https:\/\/api.w.org\/{rel}","templated":true}]}}