{"id":111481,"date":"2019-11-27T05:18:58","date_gmt":"2019-11-27T05:18:58","guid":{"rendered":"http:\/\/thinkingfadura.eus\/?page_id=111481"},"modified":"2023-01-26T11:27:02","modified_gmt":"2023-01-26T11:27:02","slug":"landing","status":"publish","type":"page","link":"http:\/\/thinkingfadura.eus\/es\/","title":{"rendered":"Bienvenida"},"content":{"rendered":"\t\t<div data-elementor-type=\"wp-page\" data-elementor-id=\"111481\" class=\"elementor elementor-111481\">\n\t\t\t\t\t\t<div class=\"elementor-inner\">\n\t\t\t\t<div class=\"elementor-section-wrap\">\n\t\t\t\t\t\t\t\t\t<section class=\"elementor-section elementor-top-section elementor-element elementor-element-369b79b4 elementor-section-boxed elementor-section-height-default elementor-section-height-default\" data-id=\"369b79b4\" data-element_type=\"section\">\n\t\t\t\t\t\t<div class=\"elementor-container elementor-column-gap-default\">\n\t\t\t\t\t\t\t<div class=\"elementor-row\">\n\t\t\t\t\t<div class=\"elementor-column elementor-col-100 elementor-top-column elementor-element elementor-element-49109efc\" data-id=\"49109efc\" data-element_type=\"column\">\n\t\t\t<div class=\"elementor-column-wrap elementor-element-populated\">\n\t\t\t\t\t\t\t<div class=\"elementor-widget-wrap\">\n\t\t\t\t\t\t<div class=\"elementor-element elementor-element-1c36c1fd elementor-widget elementor-widget-text-editor\" data-id=\"1c36c1fd\" data-element_type=\"widget\" data-widget_type=\"text-editor.default\">\n\t\t\t\t<div class=\"elementor-widget-container\">\n\t\t\t\t\t\t\t\t<div class=\"elementor-text-editor elementor-clearfix\">\n\t\t\t\tTe damos la bienvenida a la p\u00e1gina oficial de \u2018<em>thinking Fadura<\/em>, un parque deportivo en construcci\u00f3n con la ciudadan\u00eda de Getxo\u201d\u2019, un proceso participativo, impulsado por Getxo Kirolak, para transformar Fadura en un parque p\u00fablico, que conviva junto con las instalaciones para la pr\u00e1ctica deportiva de las personas abonadas a Getxo Kirolak, incorporando nuevos elementos que motiven la actividad f\u00edsica, logren mejoras medioambientales, incrementen el empleo en el sector del ocio, la salud y el deporte y mejoren el acceso y control de los espacios.\r\n\r\nComo resultado del proceso participativo, que finaliz\u00f3 en diciembre de 2018, se ha elaborado un <a href=\"http:\/\/thinkingfadura.eus\/wp-content\/uploads\/2019\/02\/thinkingFadura-MEMORIA-FINAL-web-2.pdf\">anteproyecto de ordenaci\u00f3n paisaj\u00edstica y urbana del parque de Fadura y los espacios deportivos<\/a> que, atendiendo al an\u00e1lisis y diagn\u00f3stico realizado previamente, deber\u00e1 ser abierto, accesible, saludable, sostenible, inclusivo, innovador y seguro.\r\n\r\nEn 2019, <em>thinking Fadura<\/em> ha activado una nueva fase que contempla el inicio de la ejecuci\u00f3n de las 218 actuaciones referidas tanto al espacio f\u00edsico, y descritas en el anteproyecto del nuevo parque deportivo, como a cuestiones relacionadas con los servicios, usos, relaciones y formas de gesti\u00f3n y gobernanza detectadas en el proceso participativo.\t\t\t\t\t<\/div>\n\t\t\t\t\t\t<\/div>\n\t\t\t\t<\/div>\n\t\t\t\t\t\t<\/div>\n\t\t\t\t\t<\/div>\n\t\t<\/div>\n\t\t\t\t\t\t\t\t<\/div>\n\t\t\t\t\t<\/div>\n\t\t<\/section>\n\t\t\t\t<section class=\"elementor-section elementor-top-section elementor-element elementor-element-f718e6c elementor-section-boxed elementor-section-height-default elementor-section-height-default\" data-id=\"f718e6c\" data-element_type=\"section\">\n\t\t\t\t\t\t<div class=\"elementor-container elementor-column-gap-default\">\n\t\t\t\t\t\t\t<div class=\"elementor-row\">\n\t\t\t\t\t<div class=\"elementor-column elementor-col-100 elementor-top-column elementor-element elementor-element-5d53b7c\" data-id=\"5d53b7c\" data-element_type=\"column\">\n\t\t\t<div class=\"elementor-column-wrap elementor-element-populated\">\n\t\t\t\t\t\t\t<div class=\"elementor-widget-wrap\">\n\t\t\t\t\t\t<div class=\"elementor-element elementor-element-54895c3 elementor-widget elementor-widget-spacer\" data-id=\"54895c3\" data-element_type=\"widget\" data-widget_type=\"spacer.default\">\n\t\t\t\t<div class=\"elementor-widget-container\">\n\t\t\t\t\t<div class=\"elementor-spacer\">\n\t\t\t<div class=\"elementor-spacer-inner\"><\/div>\n\t\t<\/div>\n\t\t\t\t<\/div>\n\t\t\t\t<\/div>\n\t\t\t\t<div class=\"elementor-element elementor-element-c7f687a elementor-widget elementor-widget-heading\" data-id=\"c7f687a\" data-element_type=\"widget\" data-widget_type=\"heading.default\">\n\t\t\t\t<div class=\"elementor-widget-container\">\n\t\t\t<h2 class=\"elementor-heading-title elementor-size-default\">\u00daltimas noticias<\/h2>\t\t<\/div>\n\t\t\t\t<\/div>\n\t\t\t\t<div class=\"elementor-element elementor-element-7d8ccaa elementor-widget-divider--view-line elementor-widget elementor-widget-divider\" data-id=\"7d8ccaa\" data-element_type=\"widget\" data-widget_type=\"divider.default\">\n\t\t\t\t<div class=\"elementor-widget-container\">\n\t\t\t\t\t<div class=\"elementor-divider\">\n\t\t\t<span class=\"elementor-divider-separator\">\n\t\t\t\t\t\t<\/span>\n\t\t<\/div>\n\t\t\t\t<\/div>\n\t\t\t\t<\/div>\n\t\t\t\t<div class=\"elementor-element elementor-element-a964aa0 ekit-blog-posts--bg-hover bg-hover-gradient elementor-invisible elementor-widget elementor-widget-elementskit-blog-posts\" data-id=\"a964aa0\" data-element_type=\"widget\" data-settings=\"{&quot;_animation&quot;:&quot;slideInUp&quot;}\" data-widget_type=\"elementskit-blog-posts.default\">\n\t\t\t\t<div class=\"elementor-widget-container\">\n\t\t\t<div class=\"ekit-wid-con\" >        <div id=\"post-items--a964aa0\" class=\"row post-items\">\n                    <div class=\"col-lg-4 col-md-6\">\n\n                                    <div class=\"elementskit-post-image-card\">\n                        <div class=\"elementskit-entry-header\">\n                                                            <a href=\"http:\/\/thinkingfadura.eus\/es\/thinking-fadura-buena-practica-en-el-encuentro-zero-kilometro-arkitektura\/\" class=\"elementskit-entry-thumb\">\n                                    <img src=\"http:\/\/thinkingfadura.eus\/wp-content\/uploads\/2026\/05\/Kilometro-0.png\" alt=\"Thinking Fadura, buena pr\u00e1ctica en el encuentro \u201cZero Kilometro Arkitektura\u201d\">\n                                <\/a><!-- .elementskit-entry-thumb END -->\n                                                            \n                            \n\t\t\t\t\t\t\t\t\t\t\t\t\t<\/div><!-- .elementskit-entry-header END -->\n\n\t\t\t\t\t\t<div class=\"elementskit-post-body \">\n\t\t\t\t\t\t\t\n\t\t\t\t\t\t\t\t\t\t\t\t\t\t\t\t\t\t\t\t\t\t\t\t\t\t\t\t\t\t\n\t\t\t\t\t\t\t\t\n\t\t\t\t\t\t\t\t\t\t\t\t\t\t\t\t\t\t\t\t\t<h2 class=\"entry-title\">\n\t\t\t\t\t<a href=\"http:\/\/thinkingfadura.eus\/es\/thinking-fadura-buena-practica-en-el-encuentro-zero-kilometro-arkitektura\/\">\n\t\t\t\t\t\tThinking Fadura, buena pr\u00e1ctica en el encuentro \u201cZero Kilometro Arkitektura\u201d\t\t\t\t\t<\/a>\n\t\t\t\t<\/h2>\n\t\t\t\t\t\t\t\t\t\t\t\t\t\t\t\t\t\t\t\t\t\t\t\t\t\t\t\t\t\t\t\t                                                    <\/div><!-- .elementskit-post-body END -->\n                    <\/div>\n                \n            <\/div>\n                    <div class=\"col-lg-4 col-md-6\">\n\n                                    <div class=\"elementskit-post-image-card\">\n                        <div class=\"elementskit-entry-header\">\n                                                            <a href=\"http:\/\/thinkingfadura.eus\/es\/getxo-kirolak-inaugura-un-circuito-de-parkour-en-el-parque-deportivo-de-fadura\/\" class=\"elementskit-entry-thumb\">\n                                    <img src=\"http:\/\/thinkingfadura.eus\/wp-content\/uploads\/2026\/04\/IMG_8469-1536x1152.jpg\" alt=\"Getxo Kirolak inaugura un circuito de parkour en el parque deportivo de Fadura\">\n                                <\/a><!-- .elementskit-entry-thumb END -->\n                                                            \n                            \n\t\t\t\t\t\t\t\t\t\t\t\t\t<\/div><!-- .elementskit-entry-header END -->\n\n\t\t\t\t\t\t<div class=\"elementskit-post-body \">\n\t\t\t\t\t\t\t\n\t\t\t\t\t\t\t\t\t\t\t\t\t\t\t\t\t\t\t\t\t\t\t\t\t\t\t\t\t\t\n\t\t\t\t\t\t\t\t\n\t\t\t\t\t\t\t\t\t\t\t\t\t\t\t\t\t\t\t\t\t<h2 class=\"entry-title\">\n\t\t\t\t\t<a href=\"http:\/\/thinkingfadura.eus\/es\/getxo-kirolak-inaugura-un-circuito-de-parkour-en-el-parque-deportivo-de-fadura\/\">\n\t\t\t\t\t\tGetxo Kirolak inaugura un circuito de parkour en el parque deportivo de Fadura\t\t\t\t\t<\/a>\n\t\t\t\t<\/h2>\n\t\t\t\t\t\t\t\t\t\t\t\t\t\t\t\t\t\t\t\t\t\t\t\t\t\t\t\t\t\t\t\t                                                    <\/div><!-- .elementskit-post-body END -->\n                    <\/div>\n                \n            <\/div>\n                    <div class=\"col-lg-4 col-md-6\">\n\n                                    <div class=\"elementskit-post-image-card\">\n                        <div class=\"elementskit-entry-header\">\n                                                            <a href=\"http:\/\/thinkingfadura.eus\/es\/getxo-kirolak-inaugura-dos-pistas-de-petanca-en-la-zona-exterior-del-polideportivo-de-fadura\/\" class=\"elementskit-entry-thumb\">\n                                    <img src=\"http:\/\/thinkingfadura.eus\/wp-content\/uploads\/2026\/04\/PISTAS-PETANCA-3-1536x1024.jpg\" alt=\"Estrenamos dos   pistas de petanca   en la zona exterior del polideportivo de Fadura\">\n                                <\/a><!-- .elementskit-entry-thumb END -->\n                                                            \n                            \n\t\t\t\t\t\t\t\t\t\t\t\t\t<\/div><!-- .elementskit-entry-header END -->\n\n\t\t\t\t\t\t<div class=\"elementskit-post-body \">\n\t\t\t\t\t\t\t\n\t\t\t\t\t\t\t\t\t\t\t\t\t\t\t\t\t\t\t\t\t\t\t\t\t\t\t\t\t\t\n\t\t\t\t\t\t\t\t\n\t\t\t\t\t\t\t\t\t\t\t\t\t\t\t\t\t\t\t\t\t<h2 class=\"entry-title\">\n\t\t\t\t\t<a href=\"http:\/\/thinkingfadura.eus\/es\/getxo-kirolak-inaugura-dos-pistas-de-petanca-en-la-zona-exterior-del-polideportivo-de-fadura\/\">\n\t\t\t\t\t\tEstrenamos dos   pistas de petanca   en la zona exterior del polideportivo de Fadura\t\t\t\t\t<\/a>\n\t\t\t\t<\/h2>\n\t\t\t\t\t\t\t\t\t\t\t\t\t\t\t\t\t\t\t\t\t\t\t\t\t\t\t\t\t\t\t\t                                                    <\/div><!-- .elementskit-post-body END -->\n                    <\/div>\n                \n            <\/div>\n                <\/div>\n       <\/div>\t\t<\/div>\n\t\t\t\t<\/div>\n\t\t\t\t\t\t<\/div>\n\t\t\t\t\t<\/div>\n\t\t<\/div>\n\t\t\t\t\t\t\t\t<\/div>\n\t\t\t\t\t<\/div>\n\t\t<\/section>\n\t\t\t\t\t\t\t\t\t<\/div>\n\t\t\t<\/div>\n\t\t\t\t\t<\/div>\n\t\t","protected":false},"excerpt":{"rendered":"<p>Te damos la bienvenida a la p\u00e1gina oficial de \u2018thinking Fadura, un parque deportivo en construcci\u00f3n con la ciudadan\u00eda de Getxo\u201d\u2019, un proceso participativo, impulsado por Getxo Kirolak, para transformar Fadura en un parque p\u00fablico, que conviva junto con las instalaciones para la pr\u00e1ctica deportiva de las personas abonadas a Getxo Kirolak, incorporando nuevos elementos [&hellip;]<\/p>\n","protected":false},"author":1,"featured_media":0,"parent":0,"menu_order":0,"comment_status":"closed","ping_status":"closed","template":"page-templates\/page_fullwidth.php","meta":{"_exactmetrics_skip_tracking":false,"_exactmetrics_sitenote_active":false,"_exactmetrics_sitenote_note":"","_exactmetrics_sitenote_category":0},"_links":{"self":[{"href":"http:\/\/thinkingfadura.eus\/es\/wp-json\/wp\/v2\/pages\/111481"}],"collection":[{"href":"http:\/\/thinkingfadura.eus\/es\/wp-json\/wp\/v2\/pages"}],"about":[{"href":"http:\/\/thinkingfadura.eus\/es\/wp-json\/wp\/v2\/types\/page"}],"author":[{"embeddable":true,"href":"http:\/\/thinkingfadura.eus\/es\/wp-json\/wp\/v2\/users\/1"}],"replies":[{"embeddable":true,"href":"http:\/\/thinkingfadura.eus\/es\/wp-json\/wp\/v2\/comments?post=111481"}],"version-history":[{"count":11,"href":"http:\/\/thinkingfadura.eus\/es\/wp-json\/wp\/v2\/pages\/111481\/revisions"}],"predecessor-version":[{"id":112775,"href":"http:\/\/thinkingfadura.eus\/es\/wp-json\/wp\/v2\/pages\/111481\/revisions\/112775"}],"wp:attachment":[{"href":"http:\/\/thinkingfadura.eus\/es\/wp-json\/wp\/v2\/media?parent=111481"}],"curies":[{"name":"wp","href":"https:\/\/api.w.org\/{rel}","templated":true}]}}