{"id":110842,"date":"2018-05-07T14:17:16","date_gmt":"2018-05-07T14:17:16","guid":{"rendered":"http:\/\/thinkingfadura.eus\/?page_id=110842"},"modified":"2018-10-04T12:39:15","modified_gmt":"2018-10-04T12:39:15","slug":"plataforma","status":"publish","type":"page","link":"http:\/\/thinkingfadura.eus\/es\/plataforma\/","title":{"rendered":"Accediendo a la plataforma digital&#8230;."},"content":{"rendered":"<p><META HTTP-EQUIV=\"REFRESH\" CONTENT=\"0;URL=https:\/\/partehartu.thinkingfadura.eus\/es\/180918inscripcion\"> <\/p>\n<p class=\"rtejustify\"><em><strong>thinking Fadura<\/strong><\/em><em><strong>\u00a0<\/strong><\/em> comienza el proceso de transformaci\u00f3n de las instalaciones deportivas de Fadura, y su entorno, y a dise\u00f1ar un nuevo espacio p\u00fablico donde convivan las instalaciones para la pr\u00e1ctica deportiva con un parque de libre acceso. A lo largo de 2018, llevaremos a cabo diferentes actividades para poner en marcha mejoras que motiven una pr\u00e1ctica regular de actividad f\u00edsica, logren mejoras medioambientales, incrementen el empleo en el sector del ocio, la salud y el deporte y mejoren el acceso y funcionamiento general de los espacios.<\/p>\n<p>Tras el di\u00e1gnostico colectivo realizado en torno a diferentes cuestiones para el futuro parque de Fadura, se trabajan posibles soluciones que den respuestas a a las necesidades y oportunidades detectadas. Para ello se ha dividido Fadura en 10 espacios f\u00edsicos, agrupando instalaciones en \u00e1mbitos.\n<\/p>\n<p><\/p>","protected":false},"excerpt":{"rendered":"<p>thinking Fadura\u00a0 comienza el proceso de transformaci\u00f3n de las instalaciones deportivas de Fadura, y su entorno, y a dise\u00f1ar un nuevo espacio p\u00fablico donde convivan las instalaciones para la pr\u00e1ctica deportiva con un parque de libre acceso. A lo largo de 2018, llevaremos a cabo diferentes actividades para poner en marcha mejoras que motiven una [&hellip;]<\/p>\n","protected":false},"author":1,"featured_media":0,"parent":0,"menu_order":0,"comment_status":"closed","ping_status":"closed","template":"page-templates\/page_fullwidth.php","meta":{"_exactmetrics_skip_tracking":false,"_exactmetrics_sitenote_active":false,"_exactmetrics_sitenote_note":"","_exactmetrics_sitenote_category":0},"_links":{"self":[{"href":"http:\/\/thinkingfadura.eus\/es\/wp-json\/wp\/v2\/pages\/110842"}],"collection":[{"href":"http:\/\/thinkingfadura.eus\/es\/wp-json\/wp\/v2\/pages"}],"about":[{"href":"http:\/\/thinkingfadura.eus\/es\/wp-json\/wp\/v2\/types\/page"}],"author":[{"embeddable":true,"href":"http:\/\/thinkingfadura.eus\/es\/wp-json\/wp\/v2\/users\/1"}],"replies":[{"embeddable":true,"href":"http:\/\/thinkingfadura.eus\/es\/wp-json\/wp\/v2\/comments?post=110842"}],"version-history":[{"count":0,"href":"http:\/\/thinkingfadura.eus\/es\/wp-json\/wp\/v2\/pages\/110842\/revisions"}],"wp:attachment":[{"href":"http:\/\/thinkingfadura.eus\/es\/wp-json\/wp\/v2\/media?parent=110842"}],"curies":[{"name":"wp","href":"https:\/\/api.w.org\/{rel}","templated":true}]}}